{"id":20,"date":"2017-10-04T20:49:57","date_gmt":"2017-10-04T20:49:57","guid":{"rendered":"http:\/\/nti.ch\/?page_id=20"},"modified":"2017-10-05T13:25:29","modified_gmt":"2017-10-05T13:25:29","slug":"about","status":"publish","type":"page","link":"https:\/\/nti.ch\/?page_id=20","title":{"rendered":"A propos de"},"content":{"rendered":"<p>L&rsquo;objectif de ce site web est de pr\u00e9senter les services et produits de notre soci\u00e9t\u00e9 et d&rsquo;augmenter la qualit\u00e9 du support offert \u00e0 nos clients.<\/p>\n<p><img loading=\"lazy\" decoding=\"async\" class=\"alignnone size-full wp-image-57\" src=\"https:\/\/nti.ch\/wp-content\/uploads\/2017\/10\/web_links.jpg\" alt=\"\" width=\"150\" height=\"110\" \/><\/p>\n<p>De nombreuses ressources sont disponibles pour g\u00e9rer vos sites web, pour enregistrer des noms de domaines, pour communiquer avec notre support technique, pour nous informer de bug et pour sugg\u00e9rer des am\u00e9liorations de notre syst\u00e8me d&rsquo;h\u00e9bergement.<\/p>\n","protected":false},"excerpt":{"rendered":"<p>L&rsquo;objectif de ce site web est de pr\u00e9senter les services et produits de notre soci\u00e9t\u00e9 et d&rsquo;augmenter la qualit\u00e9 du support offert \u00e0 nos clients. De nombreuses ressources sont disponibles pour g\u00e9rer vos sites web, pour enregistrer des noms de domaines, pour communiquer avec notre support technique, pour nous informer de bug et pour sugg\u00e9rer\u2026 <span class=\"read-more\"><a href=\"https:\/\/nti.ch\/?page_id=20\">Read More &raquo;<\/a><\/span><\/p>\n","protected":false},"author":1,"featured_media":17,"parent":0,"menu_order":0,"comment_status":"closed","ping_status":"closed","template":"","meta":{"footnotes":""},"class_list":["post-20","page","type-page","status-publish","has-post-thumbnail","hentry"],"_links":{"self":[{"href":"https:\/\/nti.ch\/index.php?rest_route=\/wp\/v2\/pages\/20","targetHints":{"allow":["GET"]}}],"collection":[{"href":"https:\/\/nti.ch\/index.php?rest_route=\/wp\/v2\/pages"}],"about":[{"href":"https:\/\/nti.ch\/index.php?rest_route=\/wp\/v2\/types\/page"}],"author":[{"embeddable":true,"href":"https:\/\/nti.ch\/index.php?rest_route=\/wp\/v2\/users\/1"}],"replies":[{"embeddable":true,"href":"https:\/\/nti.ch\/index.php?rest_route=%2Fwp%2Fv2%2Fcomments&post=20"}],"version-history":[{"count":5,"href":"https:\/\/nti.ch\/index.php?rest_route=\/wp\/v2\/pages\/20\/revisions"}],"predecessor-version":[{"id":68,"href":"https:\/\/nti.ch\/index.php?rest_route=\/wp\/v2\/pages\/20\/revisions\/68"}],"wp:featuredmedia":[{"embeddable":true,"href":"https:\/\/nti.ch\/index.php?rest_route=\/wp\/v2\/media\/17"}],"wp:attachment":[{"href":"https:\/\/nti.ch\/index.php?rest_route=%2Fwp%2Fv2%2Fmedia&parent=20"}],"curies":[{"name":"wp","href":"https:\/\/api.w.org\/{rel}","templated":true}]}}