{"id":19,"date":"2017-10-04T20:49:57","date_gmt":"2017-10-04T20:49:57","guid":{"rendered":"http:\/\/nti.ch\/?page_id=19"},"modified":"2017-10-05T09:46:21","modified_gmt":"2017-10-05T09:46:21","slug":"home","status":"publish","type":"page","link":"https:\/\/nti.ch\/","title":{"rendered":"Bienvenue \u00e0 NT-Internet"},"content":{"rendered":"<p>H\u00e9bergement fiable et s\u00e9curit\u00e9 \u00e9lev\u00e9e. Propre infrastructure en Suisse.<\/p>\n<p>Gestion int\u00e9gr\u00e9e de vos serveurs virtuels, domaines, sites web.<\/p>\n<p>Messagerie professionnelle avec gestion de documents int\u00e9gr\u00e9e.<\/p>\n","protected":false},"excerpt":{"rendered":"<p>H\u00e9bergement fiable et s\u00e9curit\u00e9 \u00e9lev\u00e9e. Propre infrastructure en Suisse. Gestion int\u00e9gr\u00e9e de vos serveurs virtuels, domaines, sites web. Messagerie professionnelle avec gestion de documents int\u00e9gr\u00e9e.<\/p>\n","protected":false},"author":1,"featured_media":0,"parent":0,"menu_order":0,"comment_status":"closed","ping_status":"closed","template":"","meta":{"footnotes":""},"class_list":["post-19","page","type-page","status-publish","hentry"],"_links":{"self":[{"href":"https:\/\/nti.ch\/index.php?rest_route=\/wp\/v2\/pages\/19","targetHints":{"allow":["GET"]}}],"collection":[{"href":"https:\/\/nti.ch\/index.php?rest_route=\/wp\/v2\/pages"}],"about":[{"href":"https:\/\/nti.ch\/index.php?rest_route=\/wp\/v2\/types\/page"}],"author":[{"embeddable":true,"href":"https:\/\/nti.ch\/index.php?rest_route=\/wp\/v2\/users\/1"}],"replies":[{"embeddable":true,"href":"https:\/\/nti.ch\/index.php?rest_route=%2Fwp%2Fv2%2Fcomments&post=19"}],"version-history":[{"count":6,"href":"https:\/\/nti.ch\/index.php?rest_route=\/wp\/v2\/pages\/19\/revisions"}],"predecessor-version":[{"id":64,"href":"https:\/\/nti.ch\/index.php?rest_route=\/wp\/v2\/pages\/19\/revisions\/64"}],"wp:attachment":[{"href":"https:\/\/nti.ch\/index.php?rest_route=%2Fwp%2Fv2%2Fmedia&parent=19"}],"curies":[{"name":"wp","href":"https:\/\/api.w.org\/{rel}","templated":true}]}}